{"id":1483,"date":"2019-10-16T16:13:12","date_gmt":"2019-10-16T16:13:12","guid":{"rendered":"https:\/\/the7.io\/company\/?page_id=1483"},"modified":"2026-03-29T11:22:21","modified_gmt":"2026-03-29T11:22:21","slug":"notizie","status":"publish","type":"page","link":"https:\/\/g0flight.ch\/index.php\/notizie\/","title":{"rendered":"Notizie"},"content":{"rendered":"\t\t<div data-elementor-type=\"wp-page\" data-elementor-id=\"1483\" class=\"elementor elementor-1483\" data-elementor-post-type=\"page\">\n\t\t\t\t\t\t<section class=\"elementor-section elementor-top-section elementor-element elementor-element-a094adc elementor-reverse-tablet elementor-reverse-mobile elementor-section-height-min-height elementor-section-boxed elementor-section-height-default elementor-section-items-middle\" data-id=\"a094adc\" data-element_type=\"section\" data-e-type=\"section\" data-settings=\"{&quot;background_background&quot;:&quot;classic&quot;}\">\n\t\t\t\t\t\t\t<div class=\"elementor-background-overlay\"><\/div>\n\t\t\t\t\t\t\t<div class=\"elementor-container elementor-column-gap-wider\">\n\t\t\t\t\t<div class=\"elementor-column elementor-col-100 elementor-top-column elementor-element elementor-element-4a31993\" data-id=\"4a31993\" data-element_type=\"column\" data-e-type=\"column\">\n\t\t\t<div class=\"elementor-widget-wrap elementor-element-populated\">\n\t\t\t\t\t\t<div class=\"elementor-element elementor-element-848ac51 elementor-widget elementor-widget-heading\" data-id=\"848ac51\" data-element_type=\"widget\" data-e-type=\"widget\" data-widget_type=\"heading.default\">\n\t\t\t\t<div class=\"elementor-widget-container\">\n\t\t\t\t\t<h2 class=\"elementor-heading-title elementor-size-default\">Notizie<\/h2>\t\t\t\t<\/div>\n\t\t\t\t<\/div>\n\t\t\t\t<div class=\"elementor-element elementor-element-995a1e8 elementor-widget elementor-widget-spacer\" data-id=\"995a1e8\" data-element_type=\"widget\" data-e-type=\"widget\" data-widget_type=\"spacer.default\">\n\t\t\t\t<div class=\"elementor-widget-container\">\n\t\t\t\t\t\t\t<div class=\"elementor-spacer\">\n\t\t\t<div class=\"elementor-spacer-inner\"><\/div>\n\t\t<\/div>\n\t\t\t\t\t\t<\/div>\n\t\t\t\t<\/div>\n\t\t\t\t<div class=\"elementor-element elementor-element-3844998 elementor-widget elementor-widget-text-editor\" data-id=\"3844998\" data-element_type=\"widget\" data-e-type=\"widget\" data-widget_type=\"text-editor.default\">\n\t\t\t\t<div class=\"elementor-widget-container\">\n\t\t\t\t\t\t\t\t\t<p>Aggiornamenti ed esperimenti dal mondo della microgravit\u00e0&#8230;<\/p>\t\t\t\t\t\t\t\t<\/div>\n\t\t\t\t<\/div>\n\t\t\t\t\t<\/div>\n\t\t<\/div>\n\t\t\t\t\t<\/div>\n\t\t<\/section>\n\t\t<div class=\"elementor-element elementor-element-739cff3 e-flex e-con-boxed e-con e-parent\" data-id=\"739cff3\" data-element_type=\"container\" data-e-type=\"container\">\n\t\t\t\t\t<div class=\"e-con-inner\">\n\t\t\t\t<div class=\"elementor-element elementor-element-617699a elementor-widget elementor-widget-menu-anchor\" data-id=\"617699a\" data-element_type=\"widget\" data-e-type=\"widget\" data-widget_type=\"menu-anchor.default\">\n\t\t\t\t<div class=\"elementor-widget-container\">\n\t\t\t\t\t\t\t<div class=\"elementor-menu-anchor\" id=\"news3\"><\/div>\n\t\t\t\t\t\t<\/div>\n\t\t\t\t<\/div>\n\t\t\t\t<div class=\"elementor-element elementor-element-533e3fd elementor-widget elementor-widget-spacer\" data-id=\"533e3fd\" data-element_type=\"widget\" data-e-type=\"widget\" data-widget_type=\"spacer.default\">\n\t\t\t\t<div class=\"elementor-widget-container\">\n\t\t\t\t\t\t\t<div class=\"elementor-spacer\">\n\t\t\t<div class=\"elementor-spacer-inner\"><\/div>\n\t\t<\/div>\n\t\t\t\t\t\t<\/div>\n\t\t\t\t<\/div>\n\t\t\t\t\t<\/div>\n\t\t\t\t<\/div>\n\t\t<div class=\"elementor-element elementor-element-1342322 e-flex e-con-boxed e-con e-parent\" data-id=\"1342322\" data-element_type=\"container\" data-e-type=\"container\">\n\t\t\t\t\t<div class=\"e-con-inner\">\n\t\t\t\t\t<\/div>\n\t\t\t\t<\/div>\n\t\t<div class=\"elementor-element elementor-element-d9dca61 e-flex e-con-boxed e-con e-parent\" data-id=\"d9dca61\" data-element_type=\"container\" data-e-type=\"container\">\n\t\t\t\t\t<div class=\"e-con-inner\">\n\t\t<div class=\"elementor-element elementor-element-1fdcdcb e-con-full e-flex e-con e-child\" data-id=\"1fdcdcb\" data-element_type=\"container\" data-e-type=\"container\">\n\t\t\t\t<div class=\"elementor-element elementor-element-41b4cbe elementor-widget elementor-widget-image\" data-id=\"41b4cbe\" data-element_type=\"widget\" data-e-type=\"widget\" data-widget_type=\"image.default\">\n\t\t\t\t<div class=\"elementor-widget-container\">\n\t\t\t\t\t\t\t\t\t\t\t\t\t\t\t<img fetchpriority=\"high\" decoding=\"async\" width=\"1024\" height=\"635\" src=\"https:\/\/g0flight.ch\/wp-content\/uploads\/2024\/06\/PRATICA-DI-MARE-1024x635.jpg\" class=\"attachment-large size-large wp-image-8051\" alt=\"\" srcset=\"https:\/\/g0flight.ch\/wp-content\/uploads\/2024\/06\/PRATICA-DI-MARE-1024x635.jpg 1024w, https:\/\/g0flight.ch\/wp-content\/uploads\/2024\/06\/PRATICA-DI-MARE-300x186.jpg 300w, https:\/\/g0flight.ch\/wp-content\/uploads\/2024\/06\/PRATICA-DI-MARE-768x476.jpg 768w, https:\/\/g0flight.ch\/wp-content\/uploads\/2024\/06\/PRATICA-DI-MARE-1536x953.jpg 1536w, https:\/\/g0flight.ch\/wp-content\/uploads\/2024\/06\/PRATICA-DI-MARE-2048x1270.jpg 2048w\" sizes=\"(max-width: 1024px) 100vw, 1024px\" \/>\t\t\t\t\t\t\t\t\t\t\t\t\t\t\t<\/div>\n\t\t\t\t<\/div>\n\t\t\t\t<div class=\"elementor-element elementor-element-37ccd08 elementor-widget elementor-widget-menu-anchor\" data-id=\"37ccd08\" data-element_type=\"widget\" data-e-type=\"widget\" data-widget_type=\"menu-anchor.default\">\n\t\t\t\t<div class=\"elementor-widget-container\">\n\t\t\t\t\t\t\t<div class=\"elementor-menu-anchor\" id=\"news2\"><\/div>\n\t\t\t\t\t\t<\/div>\n\t\t\t\t<\/div>\n\t\t\t\t<\/div>\n\t\t<div class=\"elementor-element elementor-element-d0dc1c2 e-con-full e-flex e-con e-child\" data-id=\"d0dc1c2\" data-element_type=\"container\" data-e-type=\"container\">\n\t\t\t\t<div class=\"elementor-element elementor-element-1b2b386 elementor-widget elementor-widget-heading\" data-id=\"1b2b386\" data-element_type=\"widget\" data-e-type=\"widget\" data-widget_type=\"heading.default\">\n\t\t\t\t<div class=\"elementor-widget-container\">\n\t\t\t\t\t<h2 class=\"elementor-heading-title elementor-size-default\">QBT a Pratica di Mare<\/h2>\t\t\t\t<\/div>\n\t\t\t\t<\/div>\n\t\t\t\t<div class=\"elementor-element elementor-element-e22d8b1 elementor-widget elementor-widget-heading\" data-id=\"e22d8b1\" data-element_type=\"widget\" data-e-type=\"widget\" data-widget_type=\"heading.default\">\n\t\t\t\t<div class=\"elementor-widget-container\">\n\t\t\t\t\t<h4 class=\"elementor-heading-title elementor-size-default\">Speach sui voli a gravit\u00e0 ridotta<\/h4>\t\t\t\t<\/div>\n\t\t\t\t<\/div>\n\t\t\t\t<div class=\"elementor-element elementor-element-4ad9df7 elementor-widget elementor-widget-text-editor\" data-id=\"4ad9df7\" data-element_type=\"widget\" data-e-type=\"widget\" data-widget_type=\"text-editor.default\">\n\t\t\t\t<div class=\"elementor-widget-container\">\n\t\t\t\t\t\t\t\t\t<p>A febbraio il team QBT si \u00e8 recato presso la base aerea di Pratica di Mare dove ha sede il Reparto Sperimentale Volo dell\u2019Aeronautica Militare ed il Gruppo di Ingegneria per l\u2019Aerospazio. L\u2019incontro ha costituito un\u2019interessante opportunit\u00e0 per visitare la Linea Volo e per approfondire le attivit\u00e0 che gli ingegneri sperimentatori svolgono nell\u2019osservazione e difesa del settore aerospaziale. E\u2019 stata inoltre un\u2019importante occasione per condividere competenze in materia di gravit\u00e0 ridotta e promuovere il lavoro di QBT nei voli parabolici.<\/p>\t\t\t\t\t\t\t\t<\/div>\n\t\t\t\t<\/div>\n\t\t\t\t<\/div>\n\t\t\t\t\t<\/div>\n\t\t\t\t<\/div>\n\t\t<div class=\"elementor-element elementor-element-0dbf6ef e-flex e-con-boxed e-con e-parent\" data-id=\"0dbf6ef\" data-element_type=\"container\" data-e-type=\"container\">\n\t\t\t\t\t<div class=\"e-con-inner\">\n\t\t\t\t<div class=\"elementor-element elementor-element-3dd8780 elementor-widget elementor-widget-spacer\" data-id=\"3dd8780\" data-element_type=\"widget\" data-e-type=\"widget\" data-widget_type=\"spacer.default\">\n\t\t\t\t<div class=\"elementor-widget-container\">\n\t\t\t\t\t\t\t<div class=\"elementor-spacer\">\n\t\t\t<div class=\"elementor-spacer-inner\"><\/div>\n\t\t<\/div>\n\t\t\t\t\t\t<\/div>\n\t\t\t\t<\/div>\n\t\t\t\t\t<\/div>\n\t\t\t\t<\/div>\n\t\t<div class=\"elementor-element elementor-element-df7fcb2 e-flex e-con-boxed e-con e-parent\" data-id=\"df7fcb2\" data-element_type=\"container\" data-e-type=\"container\">\n\t\t\t\t\t<div class=\"e-con-inner\">\n\t\t<div class=\"elementor-element elementor-element-b3ae572 e-con-full e-flex e-con e-child\" data-id=\"b3ae572\" data-element_type=\"container\" data-e-type=\"container\">\n\t\t\t\t<div class=\"elementor-element elementor-element-70f5e47 elementor-widget elementor-widget-heading\" data-id=\"70f5e47\" data-element_type=\"widget\" data-e-type=\"widget\" data-widget_type=\"heading.default\">\n\t\t\t\t<div class=\"elementor-widget-container\">\n\t\t\t\t\t<h2 class=\"elementor-heading-title elementor-size-default\">Missione ASCLEPIOS III<\/h2>\t\t\t\t<\/div>\n\t\t\t\t<\/div>\n\t\t\t\t<div class=\"elementor-element elementor-element-3e11f98 elementor-widget elementor-widget-heading\" data-id=\"3e11f98\" data-element_type=\"widget\" data-e-type=\"widget\" data-widget_type=\"heading.default\">\n\t\t\t\t<div class=\"elementor-widget-container\">\n\t\t\t\t\t<h4 class=\"elementor-heading-title elementor-size-default\">Esperimenti scientifici in volo<\/h4>\t\t\t\t<\/div>\n\t\t\t\t<\/div>\n\t\t\t\t<div class=\"elementor-element elementor-element-a04dcfd elementor-widget elementor-widget-text-editor\" data-id=\"a04dcfd\" data-element_type=\"widget\" data-e-type=\"widget\" data-widget_type=\"text-editor.default\">\n\t\t\t\t<div class=\"elementor-widget-container\">\n\t\t\t\t\t\t\t\t\t<p>Si \u00e8 svolta a fine Maggio presso l&#8217;aeroporto di Valbrembo (BG) la missione di voli parabolici per ASCLEPIOS III.<\/p><p>Abbiamo portato in volo 3 esperimenti scientifici in 4 voli cui hanno partecipato 9 astronauti analoghi.<\/p>\t\t\t\t\t\t\t\t<\/div>\n\t\t\t\t<\/div>\n\t\t\t\t<\/div>\n\t\t<div class=\"elementor-element elementor-element-88a340b e-con-full e-flex e-con e-child\" data-id=\"88a340b\" data-element_type=\"container\" data-e-type=\"container\">\n\t\t\t\t<div class=\"elementor-element elementor-element-c6eb4bc elementor-widget elementor-widget-image\" data-id=\"c6eb4bc\" data-element_type=\"widget\" data-e-type=\"widget\" data-widget_type=\"image.default\">\n\t\t\t\t<div class=\"elementor-widget-container\">\n\t\t\t\t\t\t\t\t\t\t\t\t\t\t\t<img decoding=\"async\" width=\"1024\" height=\"768\" src=\"https:\/\/g0flight.ch\/wp-content\/uploads\/2024\/06\/10_scaled-1024x768.jpg\" class=\"attachment-large size-large wp-image-7998\" alt=\"\" srcset=\"https:\/\/g0flight.ch\/wp-content\/uploads\/2024\/06\/10_scaled-1024x768.jpg 1024w, https:\/\/g0flight.ch\/wp-content\/uploads\/2024\/06\/10_scaled-300x225.jpg 300w, https:\/\/g0flight.ch\/wp-content\/uploads\/2024\/06\/10_scaled-768x576.jpg 768w, https:\/\/g0flight.ch\/wp-content\/uploads\/2024\/06\/10_scaled-1536x1152.jpg 1536w, https:\/\/g0flight.ch\/wp-content\/uploads\/2024\/06\/10_scaled-2048x1536.jpg 2048w\" sizes=\"(max-width: 1024px) 100vw, 1024px\" \/>\t\t\t\t\t\t\t\t\t\t\t\t\t\t\t<\/div>\n\t\t\t\t<\/div>\n\t\t\t\t<div class=\"elementor-element elementor-element-1bfb895 elementor-widget elementor-widget-menu-anchor\" data-id=\"1bfb895\" data-element_type=\"widget\" data-e-type=\"widget\" data-widget_type=\"menu-anchor.default\">\n\t\t\t\t<div class=\"elementor-widget-container\">\n\t\t\t\t\t\t\t<div class=\"elementor-menu-anchor\" id=\"news1\"><\/div>\n\t\t\t\t\t\t<\/div>\n\t\t\t\t<\/div>\n\t\t\t\t<\/div>\n\t\t\t\t\t<\/div>\n\t\t\t\t<\/div>\n\t\t<div class=\"elementor-element elementor-element-7878bf2 e-flex e-con-boxed e-con e-parent\" data-id=\"7878bf2\" data-element_type=\"container\" data-e-type=\"container\">\n\t\t\t\t\t<div class=\"e-con-inner\">\n\t\t\t\t<div class=\"elementor-element elementor-element-d81a256 elementor-widget elementor-widget-spacer\" data-id=\"d81a256\" data-element_type=\"widget\" data-e-type=\"widget\" data-widget_type=\"spacer.default\">\n\t\t\t\t<div class=\"elementor-widget-container\">\n\t\t\t\t\t\t\t<div class=\"elementor-spacer\">\n\t\t\t<div class=\"elementor-spacer-inner\"><\/div>\n\t\t<\/div>\n\t\t\t\t\t\t<\/div>\n\t\t\t\t<\/div>\n\t\t\t\t\t<\/div>\n\t\t\t\t<\/div>\n\t\t<div class=\"elementor-element elementor-element-4cafe22 e-flex e-con-boxed e-con e-parent\" data-id=\"4cafe22\" data-element_type=\"container\" data-e-type=\"container\">\n\t\t\t\t\t<div class=\"e-con-inner\">\n\t\t<div class=\"elementor-element elementor-element-2810380 e-con-full e-flex e-con e-child\" data-id=\"2810380\" data-element_type=\"container\" data-e-type=\"container\">\n\t\t\t\t<div class=\"elementor-element elementor-element-4867885 elementor-widget elementor-widget-image\" data-id=\"4867885\" data-element_type=\"widget\" data-e-type=\"widget\" data-widget_type=\"image.default\">\n\t\t\t\t<div class=\"elementor-widget-container\">\n\t\t\t\t\t\t\t\t\t\t\t\t\t\t\t<img decoding=\"async\" width=\"1024\" height=\"630\" src=\"https:\/\/g0flight.ch\/wp-content\/uploads\/2024\/06\/11-1024x630.jpg\" class=\"attachment-large size-large wp-image-7993\" alt=\"\" srcset=\"https:\/\/g0flight.ch\/wp-content\/uploads\/2024\/06\/11-1024x630.jpg 1024w, https:\/\/g0flight.ch\/wp-content\/uploads\/2024\/06\/11-300x184.jpg 300w, https:\/\/g0flight.ch\/wp-content\/uploads\/2024\/06\/11-768x472.jpg 768w, https:\/\/g0flight.ch\/wp-content\/uploads\/2024\/06\/11-1536x944.jpg 1536w, https:\/\/g0flight.ch\/wp-content\/uploads\/2024\/06\/11-2048x1259.jpg 2048w\" sizes=\"(max-width: 1024px) 100vw, 1024px\" \/>\t\t\t\t\t\t\t\t\t\t\t\t\t\t\t<\/div>\n\t\t\t\t<\/div>\n\t\t\t\t<div class=\"elementor-element elementor-element-9ecc03e elementor-widget elementor-widget-menu-anchor\" data-id=\"9ecc03e\" data-element_type=\"widget\" data-e-type=\"widget\" data-widget_type=\"menu-anchor.default\">\n\t\t\t\t<div class=\"elementor-widget-container\">\n\t\t\t\t\t\t\t<div class=\"elementor-menu-anchor\" id=\"news3\"><\/div>\n\t\t\t\t\t\t<\/div>\n\t\t\t\t<\/div>\n\t\t\t\t<\/div>\n\t\t<div class=\"elementor-element elementor-element-8e682fd e-con-full e-flex e-con e-child\" data-id=\"8e682fd\" data-element_type=\"container\" data-e-type=\"container\">\n\t\t\t\t<div class=\"elementor-element elementor-element-929e26a elementor-widget elementor-widget-heading\" data-id=\"929e26a\" data-element_type=\"widget\" data-e-type=\"widget\" data-widget_type=\"heading.default\">\n\t\t\t\t<div class=\"elementor-widget-container\">\n\t\t\t\t\t<h2 class=\"elementor-heading-title elementor-size-default\">Asclepios IV<\/h2>\t\t\t\t<\/div>\n\t\t\t\t<\/div>\n\t\t\t\t<div class=\"elementor-element elementor-element-64fbc4f elementor-widget elementor-widget-heading\" data-id=\"64fbc4f\" data-element_type=\"widget\" data-e-type=\"widget\" data-widget_type=\"heading.default\">\n\t\t\t\t<div class=\"elementor-widget-container\">\n\t\t\t\t\t<h4 class=\"elementor-heading-title elementor-size-default\">Missione G0Flight: Esperimenti in Gravit\u00e0 Ridotta a Valbrembo<\/h4>\t\t\t\t<\/div>\n\t\t\t\t<\/div>\n\t\t\t\t<div class=\"elementor-element elementor-element-b07bdc8 elementor-widget elementor-widget-text-editor\" data-id=\"b07bdc8\" data-element_type=\"widget\" data-e-type=\"widget\" data-widget_type=\"text-editor.default\">\n\t\t\t\t<div class=\"elementor-widget-container\">\n\t\t\t\t\t\t\t\t\t<p>Si \u00e8 svolta a fine maggio all&#8217;aeroporto di Valbrembo (BG)\u00a0 la missione di volo \u201cASCLEPIOS IV\u201d<\/p><p>Ai comandi del Cessna 182 il Com.te\u00a0Vittorio Braghiroli\u00a0con il supporto a terra del team &gt;QBT.<\/p><p>Agli studenti del progetto Asclepios, alla sua quarta edizione, \u00e8 stata offerta la possibilit\u00e0 di effettuare esperimenti, da loro proposti, nel corso delle 4 parabole previste per ciascuno dei tre voli effettati, che consentono il raggiungimento di una gravit\u00e0 ridotta per circa 7\/8 secondi. A bordo sono stati portati anche due esperimenti proposti da ricercatori dell\u2019Universit\u00e0 di Napoli \u2013 Federico II ed uno presentato dall\u2019Universit\u00e0 degli studi di Roma, Tor Vergata.<\/p>\t\t\t\t\t\t\t\t<\/div>\n\t\t\t\t<\/div>\n\t\t\t\t<\/div>\n\t\t\t\t\t<\/div>\n\t\t\t\t<\/div>\n\t\t<div class=\"elementor-element elementor-element-384e2ab e-flex e-con-boxed e-con e-parent\" data-id=\"384e2ab\" data-element_type=\"container\" data-e-type=\"container\">\n\t\t\t\t\t<div class=\"e-con-inner\">\n\t\t\t\t<div class=\"elementor-element elementor-element-00ade8e elementor-widget elementor-widget-spacer\" data-id=\"00ade8e\" data-element_type=\"widget\" data-e-type=\"widget\" data-widget_type=\"spacer.default\">\n\t\t\t\t<div class=\"elementor-widget-container\">\n\t\t\t\t\t\t\t<div class=\"elementor-spacer\">\n\t\t\t<div class=\"elementor-spacer-inner\"><\/div>\n\t\t<\/div>\n\t\t\t\t\t\t<\/div>\n\t\t\t\t<\/div>\n\t\t\t\t\t<\/div>\n\t\t\t\t<\/div>\n\t\t\t\t<\/div>\n\t\t","protected":false},"excerpt":{"rendered":"<p>Notizie Aggiornamenti ed esperimenti dal mondo della microgravit\u00e0&#8230; QBT a Pratica di Mare Speach sui voli a gravit\u00e0 ridotta A febbraio il team QBT si \u00e8 recato presso la base aerea di Pratica di Mare dove ha sede il Reparto Sperimentale Volo dell\u2019Aeronautica Militare ed il Gruppo di Ingegneria per l\u2019Aerospazio. L\u2019incontro ha costituito un\u2019interessante&hellip;<\/p>\n","protected":false},"author":1,"featured_media":0,"parent":0,"menu_order":20,"comment_status":"closed","ping_status":"closed","template":"elementor_header_footer","meta":{"_monsterinsights_skip_tracking":false,"_monsterinsights_sitenote_active":false,"_monsterinsights_sitenote_note":"","_monsterinsights_sitenote_category":0,"footnotes":""},"class_list":["post-1483","page","type-page","status-publish","hentry"],"_links":{"self":[{"href":"https:\/\/g0flight.ch\/index.php\/wp-json\/wp\/v2\/pages\/1483","targetHints":{"allow":["GET"]}}],"collection":[{"href":"https:\/\/g0flight.ch\/index.php\/wp-json\/wp\/v2\/pages"}],"about":[{"href":"https:\/\/g0flight.ch\/index.php\/wp-json\/wp\/v2\/types\/page"}],"author":[{"embeddable":true,"href":"https:\/\/g0flight.ch\/index.php\/wp-json\/wp\/v2\/users\/1"}],"replies":[{"embeddable":true,"href":"https:\/\/g0flight.ch\/index.php\/wp-json\/wp\/v2\/comments?post=1483"}],"version-history":[{"count":77,"href":"https:\/\/g0flight.ch\/index.php\/wp-json\/wp\/v2\/pages\/1483\/revisions"}],"predecessor-version":[{"id":8079,"href":"https:\/\/g0flight.ch\/index.php\/wp-json\/wp\/v2\/pages\/1483\/revisions\/8079"}],"wp:attachment":[{"href":"https:\/\/g0flight.ch\/index.php\/wp-json\/wp\/v2\/media?parent=1483"}],"curies":[{"name":"wp","href":"https:\/\/api.w.org\/{rel}","templated":true}]}}